{"id":16,"date":"2019-07-02T05:11:45","date_gmt":"2019-07-02T08:11:45","guid":{"rendered":"http:\/\/cldempilhadeiras.com.br\/index.php\/about-us\/"},"modified":"2020-10-15T10:37:33","modified_gmt":"2020-10-15T13:37:33","slug":"manutencao-e-servico","status":"publish","type":"page","link":"http:\/\/cldempilhadeiras.com.br\/index.php\/manutencao-e-servico\/","title":{"rendered":"Manuten\u00e7\u00f5es e Servi\u00e7os"},"content":{"rendered":"\t\t<div data-elementor-type=\"wp-post\" data-elementor-id=\"16\" class=\"elementor elementor-16\" data-elementor-settings=\"[]\">\n\t\t\t\t\t\t<div class=\"elementor-inner\">\n\t\t\t\t\t\t\t<div class=\"elementor-section-wrap\">\n\t\t\t\t\t\t\t<section class=\"elementor-section elementor-top-section elementor-element elementor-element-ec2025b elementor-section-boxed elementor-section-height-default elementor-section-height-default\" data-id=\"ec2025b\" data-element_type=\"section\">\n\t\t\t\t\t\t<div class=\"elementor-container elementor-column-gap-default\">\n\t\t\t\t\t\t\t<div class=\"elementor-row\">\n\t\t\t\t\t<div class=\"elementor-column elementor-col-100 elementor-top-column elementor-element elementor-element-7c55221\" data-id=\"7c55221\" data-element_type=\"column\">\n\t\t\t<div class=\"elementor-column-wrap elementor-element-populated\">\n\t\t\t\t\t\t\t<div class=\"elementor-widget-wrap\">\n\t\t\t\t\t\t<div class=\"elementor-element elementor-element-519b8b0 elementor-widget elementor-widget-spacer\" data-id=\"519b8b0\" data-element_type=\"widget\" data-widget_type=\"spacer.default\">\n\t\t\t\t<div class=\"elementor-widget-container\">\n\t\t\t\t\t<div class=\"elementor-spacer\">\n\t\t\t<div class=\"elementor-spacer-inner\"><\/div>\n\t\t<\/div>\n\t\t\t\t<\/div>\n\t\t\t\t<\/div>\n\t\t\t\t\t\t<\/div>\n\t\t\t\t\t<\/div>\n\t\t<\/div>\n\t\t\t\t\t\t\t\t<\/div>\n\t\t\t\t\t<\/div>\n\t\t<\/section>\n\t\t\t\t<section class=\"elementor-section elementor-top-section elementor-element elementor-element-6ca060f elementor-section-boxed elementor-section-height-default elementor-section-height-default\" data-id=\"6ca060f\" data-element_type=\"section\" data-settings=\"{&quot;background_background&quot;:&quot;classic&quot;}\">\n\t\t\t\t\t\t\t<div class=\"elementor-background-overlay\"><\/div>\n\t\t\t\t\t\t\t<div class=\"elementor-container elementor-column-gap-default\">\n\t\t\t\t\t\t\t<div class=\"elementor-row\">\n\t\t\t\t\t<div class=\"elementor-column elementor-col-100 elementor-top-column elementor-element elementor-element-23c75bf\" data-id=\"23c75bf\" data-element_type=\"column\">\n\t\t\t<div class=\"elementor-column-wrap elementor-element-populated\">\n\t\t\t\t\t\t\t<div class=\"elementor-widget-wrap\">\n\t\t\t\t\t\t<section class=\"elementor-section elementor-inner-section elementor-element elementor-element-e2a7ef5 elementor-section-content-middle elementor-section-boxed elementor-section-height-default elementor-section-height-default\" data-id=\"e2a7ef5\" data-element_type=\"section\">\n\t\t\t\t\t\t<div class=\"elementor-container elementor-column-gap-wider\">\n\t\t\t\t\t\t\t<div class=\"elementor-row\">\n\t\t\t\t\t<div class=\"elementor-column elementor-col-50 elementor-inner-column elementor-element elementor-element-e779bc4\" data-id=\"e779bc4\" data-element_type=\"column\">\n\t\t\t<div class=\"elementor-column-wrap elementor-element-populated\">\n\t\t\t\t\t\t\t<div class=\"elementor-widget-wrap\">\n\t\t\t\t\t\t<div class=\"elementor-element elementor-element-cee64d9 elementor-widget elementor-widget-heading\" data-id=\"cee64d9\" data-element_type=\"widget\" data-widget_type=\"heading.default\">\n\t\t\t\t<div class=\"elementor-widget-container\">\n\t\t\t<h1 class=\"elementor-heading-title elementor-size-default\">Manuten\u00e7\u00e3o qualificada \u00e9 na CLD<\/h1>\t\t<\/div>\n\t\t\t\t<\/div>\n\t\t\t\t<div class=\"elementor-element elementor-element-bb9c112 elementor-widget elementor-widget-text-editor\" data-id=\"bb9c112\" data-element_type=\"widget\" data-widget_type=\"text-editor.default\">\n\t\t\t\t<div class=\"elementor-widget-container\">\n\t\t\t\t\t<div class=\"elementor-text-editor elementor-clearfix\"><p>Fa\u00e7a reparos nas suas m\u00e1quinas e tenha a garantia de um excelente servi\u00e7o.<\/p><\/div>\n\t\t\t\t<\/div>\n\t\t\t\t<\/div>\n\t\t\t\t\t\t<\/div>\n\t\t\t\t\t<\/div>\n\t\t<\/div>\n\t\t\t\t<div class=\"elementor-column elementor-col-50 elementor-inner-column elementor-element elementor-element-690e843\" data-id=\"690e843\" data-element_type=\"column\">\n\t\t\t<div class=\"elementor-column-wrap elementor-element-populated\">\n\t\t\t\t\t\t\t<div class=\"elementor-widget-wrap\">\n\t\t\t\t\t\t<div class=\"elementor-element elementor-element-4122e92 elementor-widget elementor-widget-image\" data-id=\"4122e92\" data-element_type=\"widget\" data-widget_type=\"image.default\">\n\t\t\t\t<div class=\"elementor-widget-container\">\n\t\t\t\t\t<div class=\"elementor-image\">\n\t\t\t\t\t\t\t\t\t\t<img width=\"1024\" height=\"683\" src=\"http:\/\/cldempilhadeiras.com.br\/wp-content\/uploads\/2020\/09\/617-1024x683.png\" class=\"attachment-large size-large\" alt=\"manuten\u00e7\u00f5es de empilhadeiras\" loading=\"lazy\" srcset=\"http:\/\/cldempilhadeiras.com.br\/wp-content\/uploads\/2020\/09\/617-1024x683.png 1024w, http:\/\/cldempilhadeiras.com.br\/wp-content\/uploads\/2020\/09\/617-300x200.png 300w, http:\/\/cldempilhadeiras.com.br\/wp-content\/uploads\/2020\/09\/617-768x512.png 768w, http:\/\/cldempilhadeiras.com.br\/wp-content\/uploads\/2020\/09\/617-1536x1024.png 1536w, http:\/\/cldempilhadeiras.com.br\/wp-content\/uploads\/2020\/09\/617-2048x1365.png 2048w\" sizes=\"(max-width: 1024px) 100vw, 1024px\" \/>\t\t\t\t\t\t\t\t\t\t\t<\/div>\n\t\t\t\t<\/div>\n\t\t\t\t<\/div>\n\t\t\t\t\t\t<\/div>\n\t\t\t\t\t<\/div>\n\t\t<\/div>\n\t\t\t\t\t\t\t\t<\/div>\n\t\t\t\t\t<\/div>\n\t\t<\/section>\n\t\t\t\t\t\t<\/div>\n\t\t\t\t\t<\/div>\n\t\t<\/div>\n\t\t\t\t\t\t\t\t<\/div>\n\t\t\t\t\t<\/div>\n\t\t<\/section>\n\t\t\t\t<section class=\"elementor-section elementor-top-section elementor-element elementor-element-f80bb1f elementor-section-boxed elementor-section-height-default elementor-section-height-default\" data-id=\"f80bb1f\" data-element_type=\"section\">\n\t\t\t\t\t\t<div class=\"elementor-container elementor-column-gap-default\">\n\t\t\t\t\t\t\t<div class=\"elementor-row\">\n\t\t\t\t\t<div class=\"elementor-column elementor-col-100 elementor-top-column elementor-element elementor-element-3233850\" data-id=\"3233850\" data-element_type=\"column\">\n\t\t\t<div class=\"elementor-column-wrap elementor-element-populated\">\n\t\t\t\t\t\t\t<div class=\"elementor-widget-wrap\">\n\t\t\t\t\t\t<section class=\"elementor-section elementor-inner-section elementor-element elementor-element-5d29772 elementor-section-content-middle elementor-section-boxed elementor-section-height-default elementor-section-height-default\" data-id=\"5d29772\" data-element_type=\"section\">\n\t\t\t\t\t\t<div class=\"elementor-container elementor-column-gap-wider\">\n\t\t\t\t\t\t\t<div class=\"elementor-row\">\n\t\t\t\t\t<div class=\"elementor-column elementor-col-50 elementor-inner-column elementor-element elementor-element-9ceb43e\" data-id=\"9ceb43e\" data-element_type=\"column\">\n\t\t\t<div class=\"elementor-column-wrap elementor-element-populated\">\n\t\t\t\t\t\t\t<div class=\"elementor-widget-wrap\">\n\t\t\t\t\t\t<div class=\"elementor-element elementor-element-34ec2a2 elementor-widget elementor-widget-image\" data-id=\"34ec2a2\" data-element_type=\"widget\" data-widget_type=\"image.default\">\n\t\t\t\t<div class=\"elementor-widget-container\">\n\t\t\t\t\t<div class=\"elementor-image\">\n\t\t\t\t\t\t\t\t\t\t<img width=\"1024\" height=\"1024\" src=\"http:\/\/cldempilhadeiras.com.br\/wp-content\/uploads\/2020\/09\/mold-servicos-manutencao-1024x1024.png\" class=\"attachment-large size-large\" alt=\"\" loading=\"lazy\" srcset=\"http:\/\/cldempilhadeiras.com.br\/wp-content\/uploads\/2020\/09\/mold-servicos-manutencao-1024x1024.png 1024w, http:\/\/cldempilhadeiras.com.br\/wp-content\/uploads\/2020\/09\/mold-servicos-manutencao-300x300.png 300w, http:\/\/cldempilhadeiras.com.br\/wp-content\/uploads\/2020\/09\/mold-servicos-manutencao-150x150.png 150w, http:\/\/cldempilhadeiras.com.br\/wp-content\/uploads\/2020\/09\/mold-servicos-manutencao-768x768.png 768w, http:\/\/cldempilhadeiras.com.br\/wp-content\/uploads\/2020\/09\/mold-servicos-manutencao.png 1080w\" sizes=\"(max-width: 1024px) 100vw, 1024px\" \/>\t\t\t\t\t\t\t\t\t\t\t<\/div>\n\t\t\t\t<\/div>\n\t\t\t\t<\/div>\n\t\t\t\t\t\t<\/div>\n\t\t\t\t\t<\/div>\n\t\t<\/div>\n\t\t\t\t<div class=\"elementor-column elementor-col-50 elementor-inner-column elementor-element elementor-element-5912778\" data-id=\"5912778\" data-element_type=\"column\">\n\t\t\t<div class=\"elementor-column-wrap elementor-element-populated\">\n\t\t\t\t\t\t\t<div class=\"elementor-widget-wrap\">\n\t\t\t\t\t\t<div class=\"elementor-element elementor-element-0ef99dc elementor-position-top elementor-vertical-align-top elementor-widget elementor-widget-image-box\" data-id=\"0ef99dc\" data-element_type=\"widget\" data-widget_type=\"image-box.default\">\n\t\t\t\t<div class=\"elementor-widget-container\">\n\t\t\t<div class=\"elementor-image-box-wrapper\"><div class=\"elementor-image-box-content\"><h3 class=\"elementor-image-box-title\">Manuten\u00e7\u00e3o Corretiva<\/h3><p class=\"elementor-image-box-description\">Este \u00e9 o tipo mais comum, infelizmente. O equipamento quebra ou deixa de funcionar de acordo com o esperado, a\u00ed ent\u00e3o se aciona o profissional de manuten\u00e7\u00e3o para \"dar um jeito\" na situa\u00e7\u00e3o.\n\nO interessante \u00e9 que, aparentemente, os equipamentos quebram quando mais se precisa deles. Por isto, o ideal seria que a manuten\u00e7\u00e3o corretiva acontecesse raramente, ou seja, deveria ser realmente um acidente. Para tanto, \u00e9 preciso caprichar na manuten\u00e7\u00e3o preventiva<\/p><\/div><\/div>\t\t<\/div>\n\t\t\t\t<\/div>\n\t\t\t\t\t\t<\/div>\n\t\t\t\t\t<\/div>\n\t\t<\/div>\n\t\t\t\t\t\t\t\t<\/div>\n\t\t\t\t\t<\/div>\n\t\t<\/section>\n\t\t\t\t<section class=\"elementor-section elementor-inner-section elementor-element elementor-element-f4f3fbf elementor-section-content-middle elementor-section-boxed elementor-section-height-default elementor-section-height-default\" data-id=\"f4f3fbf\" data-element_type=\"section\">\n\t\t\t\t\t\t<div class=\"elementor-container elementor-column-gap-wider\">\n\t\t\t\t\t\t\t<div class=\"elementor-row\">\n\t\t\t\t\t<div class=\"elementor-column elementor-col-50 elementor-inner-column elementor-element elementor-element-c87853a\" data-id=\"c87853a\" data-element_type=\"column\">\n\t\t\t<div class=\"elementor-column-wrap elementor-element-populated\">\n\t\t\t\t\t\t\t<div class=\"elementor-widget-wrap\">\n\t\t\t\t\t\t<div class=\"elementor-element elementor-element-fd80558 elementor-widget elementor-widget-image\" data-id=\"fd80558\" data-element_type=\"widget\" data-widget_type=\"image.default\">\n\t\t\t\t<div class=\"elementor-widget-container\">\n\t\t\t\t\t<div class=\"elementor-image\">\n\t\t\t\t\t\t\t\t\t\t<img width=\"1024\" height=\"1024\" src=\"http:\/\/cldempilhadeiras.com.br\/wp-content\/uploads\/2020\/09\/mold-servicos-1024x1024.png\" class=\"attachment-large size-large\" alt=\"\" loading=\"lazy\" srcset=\"http:\/\/cldempilhadeiras.com.br\/wp-content\/uploads\/2020\/09\/mold-servicos-1024x1024.png 1024w, http:\/\/cldempilhadeiras.com.br\/wp-content\/uploads\/2020\/09\/mold-servicos-300x300.png 300w, http:\/\/cldempilhadeiras.com.br\/wp-content\/uploads\/2020\/09\/mold-servicos-150x150.png 150w, http:\/\/cldempilhadeiras.com.br\/wp-content\/uploads\/2020\/09\/mold-servicos-768x768.png 768w, http:\/\/cldempilhadeiras.com.br\/wp-content\/uploads\/2020\/09\/mold-servicos.png 1080w\" sizes=\"(max-width: 1024px) 100vw, 1024px\" \/>\t\t\t\t\t\t\t\t\t\t\t<\/div>\n\t\t\t\t<\/div>\n\t\t\t\t<\/div>\n\t\t\t\t\t\t<\/div>\n\t\t\t\t\t<\/div>\n\t\t<\/div>\n\t\t\t\t<div class=\"elementor-column elementor-col-50 elementor-inner-column elementor-element elementor-element-827fcd6\" data-id=\"827fcd6\" data-element_type=\"column\">\n\t\t\t<div class=\"elementor-column-wrap elementor-element-populated\">\n\t\t\t\t\t\t\t<div class=\"elementor-widget-wrap\">\n\t\t\t\t\t\t<div class=\"elementor-element elementor-element-9fc828e elementor-position-top elementor-vertical-align-top elementor-widget elementor-widget-image-box\" data-id=\"9fc828e\" data-element_type=\"widget\" data-widget_type=\"image-box.default\">\n\t\t\t\t<div class=\"elementor-widget-container\">\n\t\t\t<div class=\"elementor-image-box-wrapper\"><div class=\"elementor-image-box-content\"><h3 class=\"elementor-image-box-title\"> Manuten\u00e7\u00e3o Preventiva<\/h3><p class=\"elementor-image-box-description\">\u00c9 o procedimento mais barato e garantido, ou seja, corrigir os defeitos antes que se manifestem ou que causem danos maiores.\n\nVoltando ao exemplo do carro: n\u00e3o \u00e9 muito melhor trocar o \u00f3leo do motor, a correia dentada e as pastilhas de freio antes que o motor pare ou que o carro se espatife num muro por falta de freio? Pois \u00e9, na empilhadeira ou em qualquer outro equipamento \u00e9 a mesma coisa.\n\nA vantagem de manuten\u00e7\u00e3o preventiva \u00e9 que ela pode ser programada, assim o dono do equipamento n\u00e3o \u00e9 pego de surpresa.\n\nOs procedimentos de manuten\u00e7\u00e3o preventiva podem evitar a maior parte dos defeitos dos equipamentos diminuindo ao m\u00e1ximo as manuten\u00e7\u00f5es corretivas, que s\u00e3o de longe as mais caras e prejudiciais para quem depende do equipamento.<\/p><\/div><\/div>\t\t<\/div>\n\t\t\t\t<\/div>\n\t\t\t\t\t\t<\/div>\n\t\t\t\t\t<\/div>\n\t\t<\/div>\n\t\t\t\t\t\t\t\t<\/div>\n\t\t\t\t\t<\/div>\n\t\t<\/section>\n\t\t\t\t\t\t<\/div>\n\t\t\t\t\t<\/div>\n\t\t<\/div>\n\t\t\t\t\t\t\t\t<\/div>\n\t\t\t\t\t<\/div>\n\t\t<\/section>\n\t\t\t\t<section class=\"elementor-section elementor-top-section elementor-element elementor-element-9dfbcd1 elementor-section-boxed elementor-section-height-default elementor-section-height-default\" data-id=\"9dfbcd1\" data-element_type=\"section\" data-settings=\"{&quot;background_background&quot;:&quot;classic&quot;}\">\n\t\t\t\t\t\t<div class=\"elementor-container elementor-column-gap-default\">\n\t\t\t\t\t\t\t<div class=\"elementor-row\">\n\t\t\t\t\t<div class=\"elementor-column elementor-col-100 elementor-top-column elementor-element elementor-element-599da49\" data-id=\"599da49\" data-element_type=\"column\">\n\t\t\t<div class=\"elementor-column-wrap elementor-element-populated\">\n\t\t\t\t\t\t\t<div class=\"elementor-widget-wrap\">\n\t\t\t\t\t\t<div class=\"elementor-element elementor-element-cb08d6d elementor-position-top elementor-vertical-align-top elementor-widget elementor-widget-image-box\" data-id=\"cb08d6d\" data-element_type=\"widget\" data-widget_type=\"image-box.default\">\n\t\t\t\t<div class=\"elementor-widget-container\">\n\t\t\t<div class=\"elementor-image-box-wrapper\"><div class=\"elementor-image-box-content\"><h2 class=\"elementor-image-box-title\">Sua m\u00e1quina precisa de manuten\u00e7\u00e3o?<\/h2><p class=\"elementor-image-box-description\">N\u00e3o perca tempo, s\u00f3licite um or\u00e7amento e receba uma proposta em minutos.<\/p><\/div><\/div>\t\t<\/div>\n\t\t\t\t<\/div>\n\t\t\t\t<div class=\"elementor-element elementor-element-56187b8 elementor-mobile-align-center elementor-align-center elementor-widget elementor-widget-button\" data-id=\"56187b8\" data-element_type=\"widget\" data-widget_type=\"button.default\">\n\t\t\t\t<div class=\"elementor-widget-container\">\n\t\t\t\t\t<div class=\"elementor-button-wrapper\">\n\t\t\t<a href=\"https:\/\/api.whatsapp.com\/send?phone=5519989549769&#038;text=Ol%C3%A1%2C%20vim%20do%20site%20CLD%20Empilhadeiras.%20Gostaria%20de%20fazer%20um%20or%C3%A7amento.\" target=\"_blank\" class=\"elementor-button-link elementor-button elementor-size-md\" role=\"button\">\n\t\t\t\t\t\t<span class=\"elementor-button-content-wrapper\">\n\t\t\t\t\t\t<span class=\"elementor-button-icon elementor-align-icon-right\">\n\t\t\t\t<i aria-hidden=\"true\" class=\"fas fa-caret-right\"><\/i>\t\t\t<\/span>\n\t\t\t\t\t\t<span class=\"elementor-button-text\">Solicitar um Or\u00e7amento<\/span>\n\t\t<\/span>\n\t\t\t\t\t<\/a>\n\t\t<\/div>\n\t\t\t\t<\/div>\n\t\t\t\t<\/div>\n\t\t\t\t\t\t<\/div>\n\t\t\t\t\t<\/div>\n\t\t<\/div>\n\t\t\t\t\t\t\t\t<\/div>\n\t\t\t\t\t<\/div>\n\t\t<\/section>\n\t\t\t\t\t\t<\/div>\n\t\t\t\t\t\t<\/div>\n\t\t\t\t\t<\/div>\n\t\t","protected":false},"excerpt":{"rendered":"<p>Manuten\u00e7\u00e3o qualificada \u00e9 na CLD Fa\u00e7a reparos nas suas m\u00e1quinas e tenha a garantia de um excelente servi\u00e7o. Manuten\u00e7\u00e3o Corretiva Este \u00e9 o tipo mais comum, infelizmente. O equipamento quebra ou deixa de funcionar de acordo com o esperado, a\u00ed ent\u00e3o se aciona o profissional de manuten\u00e7\u00e3o para &#8220;dar um jeito&#8221; na situa\u00e7\u00e3o. O interessante &hellip;<\/p>\n<p class=\"read-more\"> <a class=\"\" href=\"http:\/\/cldempilhadeiras.com.br\/index.php\/manutencao-e-servico\/\"> <span class=\"screen-reader-text\">Manuten\u00e7\u00f5es e Servi\u00e7os<\/span> Leia mais &raquo;<\/a><\/p>\n","protected":false},"author":1,"featured_media":0,"parent":0,"menu_order":0,"comment_status":"closed","ping_status":"closed","template":"","meta":[],"_links":{"self":[{"href":"http:\/\/cldempilhadeiras.com.br\/index.php\/wp-json\/wp\/v2\/pages\/16"}],"collection":[{"href":"http:\/\/cldempilhadeiras.com.br\/index.php\/wp-json\/wp\/v2\/pages"}],"about":[{"href":"http:\/\/cldempilhadeiras.com.br\/index.php\/wp-json\/wp\/v2\/types\/page"}],"author":[{"embeddable":true,"href":"http:\/\/cldempilhadeiras.com.br\/index.php\/wp-json\/wp\/v2\/users\/1"}],"replies":[{"embeddable":true,"href":"http:\/\/cldempilhadeiras.com.br\/index.php\/wp-json\/wp\/v2\/comments?post=16"}],"version-history":[{"count":19,"href":"http:\/\/cldempilhadeiras.com.br\/index.php\/wp-json\/wp\/v2\/pages\/16\/revisions"}],"predecessor-version":[{"id":782,"href":"http:\/\/cldempilhadeiras.com.br\/index.php\/wp-json\/wp\/v2\/pages\/16\/revisions\/782"}],"wp:attachment":[{"href":"http:\/\/cldempilhadeiras.com.br\/index.php\/wp-json\/wp\/v2\/media?parent=16"}],"curies":[{"name":"wp","href":"https:\/\/api.w.org\/{rel}","templated":true}]}}