{"id":738,"date":"2020-09-18T15:53:20","date_gmt":"2020-09-18T18:53:20","guid":{"rendered":"http:\/\/cldempilhadeiras.com.br\/?page_id=738"},"modified":"2021-04-13T16:01:24","modified_gmt":"2021-04-13T19:01:24","slug":"sobre-nos","status":"publish","type":"page","link":"http:\/\/cldempilhadeiras.com.br\/index.php\/sobre-nos\/","title":{"rendered":"Sobre N\u00f3s"},"content":{"rendered":"\t\t<div data-elementor-type=\"wp-page\" data-elementor-id=\"738\" class=\"elementor elementor-738\" data-elementor-settings=\"[]\">\n\t\t\t\t\t\t<div class=\"elementor-inner\">\n\t\t\t\t\t\t\t<div class=\"elementor-section-wrap\">\n\t\t\t\t\t\t\t<section class=\"elementor-section elementor-top-section elementor-element elementor-element-b9e1056 elementor-section-boxed elementor-section-height-default elementor-section-height-default\" data-id=\"b9e1056\" data-element_type=\"section\" data-settings=\"{&quot;background_background&quot;:&quot;classic&quot;}\">\n\t\t\t\t\t\t\t<div class=\"elementor-background-overlay\"><\/div>\n\t\t\t\t\t\t\t<div class=\"elementor-container elementor-column-gap-default\">\n\t\t\t\t\t\t\t<div class=\"elementor-row\">\n\t\t\t\t\t<div class=\"elementor-column elementor-col-100 elementor-top-column elementor-element elementor-element-83bc4d7\" data-id=\"83bc4d7\" data-element_type=\"column\">\n\t\t\t<div class=\"elementor-column-wrap elementor-element-populated\">\n\t\t\t\t\t\t\t<div class=\"elementor-widget-wrap\">\n\t\t\t\t\t\t<section class=\"elementor-section elementor-inner-section elementor-element elementor-element-b2688b1 elementor-section-content-middle elementor-section-boxed elementor-section-height-default elementor-section-height-default\" data-id=\"b2688b1\" data-element_type=\"section\">\n\t\t\t\t\t\t<div class=\"elementor-container elementor-column-gap-wider\">\n\t\t\t\t\t\t\t<div class=\"elementor-row\">\n\t\t\t\t\t<div class=\"elementor-column elementor-col-50 elementor-inner-column elementor-element elementor-element-ee127bb\" data-id=\"ee127bb\" data-element_type=\"column\">\n\t\t\t<div class=\"elementor-column-wrap elementor-element-populated\">\n\t\t\t\t\t\t\t<div class=\"elementor-widget-wrap\">\n\t\t\t\t\t\t<div class=\"elementor-element elementor-element-1988008 elementor-widget elementor-widget-heading\" data-id=\"1988008\" data-element_type=\"widget\" data-widget_type=\"heading.default\">\n\t\t\t\t<div class=\"elementor-widget-container\">\n\t\t\t<h1 class=\"elementor-heading-title elementor-size-default\">Hist\u00f3ria que come\u00e7ou em 2000<\/h1>\t\t<\/div>\n\t\t\t\t<\/div>\n\t\t\t\t<div class=\"elementor-element elementor-element-fc5ec41 elementor-widget elementor-widget-text-editor\" data-id=\"fc5ec41\" data-element_type=\"widget\" data-widget_type=\"text-editor.default\">\n\t\t\t\t<div class=\"elementor-widget-container\">\n\t\t\t\t\t<div class=\"elementor-text-editor elementor-clearfix\"><p>Conhe\u00e7a um pouco sobre a CLD Empilhadeiras Guimar\u00e3es<\/p><\/div>\n\t\t\t\t<\/div>\n\t\t\t\t<\/div>\n\t\t\t\t\t\t<\/div>\n\t\t\t\t\t<\/div>\n\t\t<\/div>\n\t\t\t\t<div class=\"elementor-column elementor-col-50 elementor-inner-column elementor-element elementor-element-e19fa60\" data-id=\"e19fa60\" data-element_type=\"column\">\n\t\t\t<div class=\"elementor-column-wrap elementor-element-populated\">\n\t\t\t\t\t\t\t<div class=\"elementor-widget-wrap\">\n\t\t\t\t\t\t<div class=\"elementor-element elementor-element-b3f1fd5 elementor-widget elementor-widget-image\" data-id=\"b3f1fd5\" data-element_type=\"widget\" data-widget_type=\"image.default\">\n\t\t\t\t<div class=\"elementor-widget-container\">\n\t\t\t\t\t<div class=\"elementor-image\">\n\t\t\t\t\t\t\t\t\t\t<img width=\"1024\" height=\"683\" src=\"http:\/\/cldempilhadeiras.com.br\/wp-content\/uploads\/2020\/09\/617-1024x683.png\" class=\"attachment-large size-large\" alt=\"manuten\u00e7\u00f5es de empilhadeiras\" loading=\"lazy\" srcset=\"http:\/\/cldempilhadeiras.com.br\/wp-content\/uploads\/2020\/09\/617-1024x683.png 1024w, http:\/\/cldempilhadeiras.com.br\/wp-content\/uploads\/2020\/09\/617-300x200.png 300w, http:\/\/cldempilhadeiras.com.br\/wp-content\/uploads\/2020\/09\/617-768x512.png 768w, http:\/\/cldempilhadeiras.com.br\/wp-content\/uploads\/2020\/09\/617-1536x1024.png 1536w, http:\/\/cldempilhadeiras.com.br\/wp-content\/uploads\/2020\/09\/617-2048x1365.png 2048w\" sizes=\"(max-width: 1024px) 100vw, 1024px\" \/>\t\t\t\t\t\t\t\t\t\t\t<\/div>\n\t\t\t\t<\/div>\n\t\t\t\t<\/div>\n\t\t\t\t\t\t<\/div>\n\t\t\t\t\t<\/div>\n\t\t<\/div>\n\t\t\t\t\t\t\t\t<\/div>\n\t\t\t\t\t<\/div>\n\t\t<\/section>\n\t\t\t\t\t\t<\/div>\n\t\t\t\t\t<\/div>\n\t\t<\/div>\n\t\t\t\t\t\t\t\t<\/div>\n\t\t\t\t\t<\/div>\n\t\t<\/section>\n\t\t\t\t<section class=\"elementor-section elementor-top-section elementor-element elementor-element-4989769 elementor-section-boxed elementor-section-height-default elementor-section-height-default\" data-id=\"4989769\" data-element_type=\"section\">\n\t\t\t\t\t\t<div class=\"elementor-container elementor-column-gap-default\">\n\t\t\t\t\t\t\t<div class=\"elementor-row\">\n\t\t\t\t\t<div class=\"elementor-column elementor-col-100 elementor-top-column elementor-element elementor-element-2309d93\" data-id=\"2309d93\" data-element_type=\"column\">\n\t\t\t<div class=\"elementor-column-wrap elementor-element-populated\">\n\t\t\t\t\t\t\t<div class=\"elementor-widget-wrap\">\n\t\t\t\t\t\t<div class=\"elementor-element elementor-element-10a780f elementor-widget elementor-widget-heading\" data-id=\"10a780f\" data-element_type=\"widget\" data-widget_type=\"heading.default\">\n\t\t\t\t<div class=\"elementor-widget-container\">\n\t\t\t<h2 class=\"elementor-heading-title elementor-size-default\">Hist\u00f3ria de Gera\u00e7\u00f5es<\/h2>\t\t<\/div>\n\t\t\t\t<\/div>\n\t\t\t\t\t\t<\/div>\n\t\t\t\t\t<\/div>\n\t\t<\/div>\n\t\t\t\t\t\t\t\t<\/div>\n\t\t\t\t\t<\/div>\n\t\t<\/section>\n\t\t\t\t<section class=\"elementor-section elementor-top-section elementor-element elementor-element-a9377d3 elementor-section-boxed elementor-section-height-default elementor-section-height-default\" data-id=\"a9377d3\" data-element_type=\"section\">\n\t\t\t\t\t\t<div class=\"elementor-container elementor-column-gap-default\">\n\t\t\t\t\t\t\t<div class=\"elementor-row\">\n\t\t\t\t\t<div class=\"elementor-column elementor-col-100 elementor-top-column elementor-element elementor-element-0e32616\" data-id=\"0e32616\" data-element_type=\"column\">\n\t\t\t<div class=\"elementor-column-wrap elementor-element-populated\">\n\t\t\t\t\t\t\t<div class=\"elementor-widget-wrap\">\n\t\t\t\t\t\t<section class=\"elementor-section elementor-inner-section elementor-element elementor-element-852c884 elementor-section-boxed elementor-section-height-default elementor-section-height-default\" data-id=\"852c884\" data-element_type=\"section\">\n\t\t\t\t\t\t<div class=\"elementor-container elementor-column-gap-default\">\n\t\t\t\t\t\t\t<div class=\"elementor-row\">\n\t\t\t\t\t<div class=\"elementor-column elementor-col-50 elementor-inner-column elementor-element elementor-element-05261b1\" data-id=\"05261b1\" data-element_type=\"column\">\n\t\t\t<div class=\"elementor-column-wrap elementor-element-populated\">\n\t\t\t\t\t\t\t<div class=\"elementor-widget-wrap\">\n\t\t\t\t\t\t<div class=\"elementor-element elementor-element-3fcc6c5 elementor-widget elementor-widget-image\" data-id=\"3fcc6c5\" data-element_type=\"widget\" data-widget_type=\"image.default\">\n\t\t\t\t<div class=\"elementor-widget-container\">\n\t\t\t\t\t<div class=\"elementor-image\">\n\t\t\t\t\t\t\t\t\t\t<img width=\"506\" height=\"453\" src=\"http:\/\/cldempilhadeiras.com.br\/wp-content\/uploads\/2021\/04\/14.jpg\" class=\"attachment-large size-large\" alt=\"\" loading=\"lazy\" srcset=\"http:\/\/cldempilhadeiras.com.br\/wp-content\/uploads\/2021\/04\/14.jpg 506w, http:\/\/cldempilhadeiras.com.br\/wp-content\/uploads\/2021\/04\/14-300x269.jpg 300w\" sizes=\"(max-width: 506px) 100vw, 506px\" \/>\t\t\t\t\t\t\t\t\t\t\t<\/div>\n\t\t\t\t<\/div>\n\t\t\t\t<\/div>\n\t\t\t\t\t\t<\/div>\n\t\t\t\t\t<\/div>\n\t\t<\/div>\n\t\t\t\t<div class=\"elementor-column elementor-col-50 elementor-inner-column elementor-element elementor-element-1caf373\" data-id=\"1caf373\" data-element_type=\"column\">\n\t\t\t<div class=\"elementor-column-wrap elementor-element-populated\">\n\t\t\t\t\t\t\t<div class=\"elementor-widget-wrap\">\n\t\t\t\t\t\t<div class=\"elementor-element elementor-element-3767ac5 elementor-widget elementor-widget-text-editor\" data-id=\"3767ac5\" data-element_type=\"widget\" data-widget_type=\"text-editor.default\">\n\t\t\t\t<div class=\"elementor-widget-container\">\n\t\t\t\t\t<div class=\"elementor-text-editor elementor-clearfix\"><p>CLD GIMARAES EMPILHADEIRAS, surgiu como (MEI) micro empreendedor, a 10 anos atr\u00e1s do sonho de Ant\u00f4nio Ribeiro Guimar\u00e3es (Zico) em levar a diante um legado dos 4 irm\u00e3os, no qual adquiriram experi\u00eancia no mercado de trabalho a 20 anos<\/p><p>Primeiramente com Jos\u00e9 Renato e Manoel Marcos em uma sociedade que veio de S\u00e3o Paulo para Indatutuba, mudando tanto de cidade como de ramo empresarial e trazendo como seus funcion\u00e1rios Ant\u00f4nio que era caminhoneiro na \u00e9poca e Eduardo que \u00e9 um profissional de alto n\u00edvel na \u00e1rea de tornearia e mec\u00e2nica. Tornando-se assim, uma empresa familiar de responsabilidade, respeito e confian\u00e7a, consolidando o sonho de Jose Renato (em memoria).<\/p><\/div>\n\t\t\t\t<\/div>\n\t\t\t\t<\/div>\n\t\t\t\t\t\t<\/div>\n\t\t\t\t\t<\/div>\n\t\t<\/div>\n\t\t\t\t\t\t\t\t<\/div>\n\t\t\t\t\t<\/div>\n\t\t<\/section>\n\t\t\t\t\t\t<\/div>\n\t\t\t\t\t<\/div>\n\t\t<\/div>\n\t\t\t\t\t\t\t\t<\/div>\n\t\t\t\t\t<\/div>\n\t\t<\/section>\n\t\t\t\t<section class=\"elementor-section elementor-top-section elementor-element elementor-element-94e498a elementor-section-boxed elementor-section-height-default elementor-section-height-default\" data-id=\"94e498a\" data-element_type=\"section\">\n\t\t\t\t\t\t<div class=\"elementor-container elementor-column-gap-default\">\n\t\t\t\t\t\t\t<div class=\"elementor-row\">\n\t\t\t\t\t<div class=\"elementor-column elementor-col-100 elementor-top-column elementor-element elementor-element-fa09b2a\" data-id=\"fa09b2a\" data-element_type=\"column\">\n\t\t\t<div class=\"elementor-column-wrap elementor-element-populated\">\n\t\t\t\t\t\t\t<div class=\"elementor-widget-wrap\">\n\t\t\t\t\t\t<div class=\"elementor-element elementor-element-b253bdb elementor-widget elementor-widget-text-editor\" data-id=\"b253bdb\" data-element_type=\"widget\" data-widget_type=\"text-editor.default\">\n\t\t\t\t<div class=\"elementor-widget-container\">\n\t\t\t\t\t<div class=\"elementor-text-editor elementor-clearfix\"><p>Com uma longa jornada de trabalho e experi\u00eancia, ap\u00f3s o falecimento de seu irm\u00e3o Jos\u00e9 Renato a sociedade se desfez e cada irm\u00e3o seguiu seu rumo, Ant\u00f4nio (Zico) decidiu levar adiante sua pr\u00f3pria empresa onde come\u00e7ou do zero apenas com um carro e uma maletinha de ferramentas e de porta em porta, conquistou o mercado competitivo de trabalho, com muita luta, sacrif\u00edcio, dedica\u00e7\u00e3o e respeito aos seus clientes e deu continuidade a um novo projeto.<\/p>\n<p>Hoje ap\u00f3s 10 anos de micro empreendedor abre sua empresa (ME) que traz consigo todo aprendizado e profissionalismo na \u00e1rea de mec\u00e2nica.<\/p>\n<p>Sendo assim, o sonho dos 4 irm\u00e3os com muito amor, carinho e respeito ir\u00e1 continuar de gera\u00e7\u00e3o em gera\u00e7\u00e3o e temos certeza que Jos\u00e9 Renato na gloria de Deus esta muito feliz!<\/p>\n<p>Obrigada Manoel Marcos e Jos\u00e9 Renato&nbsp;<span style=\"font-size: 16px; font-style: normal; font-weight: 400;\">(em mem\u00f3ria)<\/span><span style=\"font-size: 16px;\">&nbsp;pelo inicio de tudo .<\/span><\/p><\/div>\n\t\t\t\t<\/div>\n\t\t\t\t<\/div>\n\t\t\t\t\t\t<\/div>\n\t\t\t\t\t<\/div>\n\t\t<\/div>\n\t\t\t\t\t\t\t\t<\/div>\n\t\t\t\t\t<\/div>\n\t\t<\/section>\n\t\t\t\t\t\t<\/div>\n\t\t\t\t\t\t<\/div>\n\t\t\t\t\t<\/div>\n\t\t","protected":false},"excerpt":{"rendered":"<p>Hist\u00f3ria que come\u00e7ou em 2000 Conhe\u00e7a um pouco sobre a CLD Empilhadeiras Guimar\u00e3es Hist\u00f3ria de Gera\u00e7\u00f5es CLD GIMARAES EMPILHADEIRAS, surgiu como (MEI) micro empreendedor, a 10 anos atr\u00e1s do sonho de Ant\u00f4nio Ribeiro Guimar\u00e3es (Zico) em levar a diante um legado dos 4 irm\u00e3os, no qual adquiriram experi\u00eancia no mercado de trabalho a 20 anos &hellip;<\/p>\n<p class=\"read-more\"> <a class=\"\" href=\"http:\/\/cldempilhadeiras.com.br\/index.php\/sobre-nos\/\"> <span class=\"screen-reader-text\">Sobre N\u00f3s<\/span> Leia mais &raquo;<\/a><\/p>\n","protected":false},"author":1,"featured_media":0,"parent":0,"menu_order":0,"comment_status":"closed","ping_status":"closed","template":"","meta":[],"_links":{"self":[{"href":"http:\/\/cldempilhadeiras.com.br\/index.php\/wp-json\/wp\/v2\/pages\/738"}],"collection":[{"href":"http:\/\/cldempilhadeiras.com.br\/index.php\/wp-json\/wp\/v2\/pages"}],"about":[{"href":"http:\/\/cldempilhadeiras.com.br\/index.php\/wp-json\/wp\/v2\/types\/page"}],"author":[{"embeddable":true,"href":"http:\/\/cldempilhadeiras.com.br\/index.php\/wp-json\/wp\/v2\/users\/1"}],"replies":[{"embeddable":true,"href":"http:\/\/cldempilhadeiras.com.br\/index.php\/wp-json\/wp\/v2\/comments?post=738"}],"version-history":[{"count":13,"href":"http:\/\/cldempilhadeiras.com.br\/index.php\/wp-json\/wp\/v2\/pages\/738\/revisions"}],"predecessor-version":[{"id":792,"href":"http:\/\/cldempilhadeiras.com.br\/index.php\/wp-json\/wp\/v2\/pages\/738\/revisions\/792"}],"wp:attachment":[{"href":"http:\/\/cldempilhadeiras.com.br\/index.php\/wp-json\/wp\/v2\/media?parent=738"}],"curies":[{"name":"wp","href":"https:\/\/api.w.org\/{rel}","templated":true}]}}